{"id":81,"date":"2021-11-22T15:23:19","date_gmt":"2021-11-22T14:23:19","guid":{"rendered":"http:\/\/localhost\/cifvieml\/?page_id=81"},"modified":"2022-01-27T11:29:04","modified_gmt":"2022-01-27T10:29:04","slug":"missions-visions-objectif","status":"publish","type":"page","link":"https:\/\/cif-vie-mali.com\/index.php\/missions-visions-objectif\/","title":{"rendered":"MISSIONS-VISIONS-OBJECTIF"},"content":{"rendered":"<div id=\"wppb-builder-container\" class=\"wppb-builder-container\">                <div  class=\"wppb-row-parent  wppb-row-1643281161794 \"  >\n\t\t\t\t\t\n\t\t\t\t\t\t\t\t\t\t\n\t\t\t\t\t\t\t\t\t\t\n\t\t\t\t\t<div class=\"wppb-container \">\n\t\t\t\t\t\t\t\t\t\t\t\t\t\n                        <div class=\"wppb-row\">\n\t\t\t\t\t\t\t                                    <div  class=\"wppb-column-parent wppb-column-parent-view wppb-col-1643281161793  \"  >\n                                        <div class=\"wppb-column\">\n\t\t\t\t\t\n\t\t\t\t\t\t\t\t\t\t\t\n                                            <div class=\"wppb-builder-addons\">\n\t\t\t\t\t\t\t\t\t\t\t\t<div class='wppb-builder-addon wppb-addon-1643281607414'  data-addon-id='1643281607414'><div class='wppb-addon'><div class=\"wppb-image-addon\"><figure class=\"wppb-image-addon-content-wrap\"><div class=\"wppb-image-addon-content wppb-imginlineblock\"><img data-recalc-dims=\"1\" decoding=\"async\" class=\"wppb-image-addon-img\" src=\"https:\/\/i0.wp.com\/cif-vie-mali.com\/wp-content\/uploads\/2022\/01\/Assurance-Vie1.jpg?w=1200\" alt=\"Image\"><\/div><\/figure><\/div><\/div><\/div>                                            <\/div>\n                                        <\/div>\n                                    <\/div>\n\t\t\t\t\t\t\t\t\t                        <\/div>\n\n                    <\/div>\n                <\/div>\n\t\t\t\t                <div  class=\"wppb-row-parent  wppb-row-1643281161435 \"  >\n\t\t\t\t\t\n\t\t\t\t\t\t\t\t\t\t\n\t\t\t\t\t\t\t\t\t\t\n\t\t\t\t\t<div class=\"wppb-container \">\n\t\t\t\t\t\t\t\t\t\t\t\t\t\n                        <div class=\"wppb-row\">\n\t\t\t\t\t\t\t                                    <div  class=\"wppb-column-parent wppb-column-parent-view wppb-col-1643281161434  \"  >\n                                        <div class=\"wppb-column\">\n\t\t\t\t\t\n\t\t\t\t\t\t\t\t\t\t\t\n                                            <div class=\"wppb-builder-addons\">\n\t\t\t\t\t\t\t\t\t\t\t\t<div class='wppb-builder-addon wppb-addon-1643281200015 wppb-wow bounceIn'  data-wow-delay='ms'  data-wow-duration='ms'  data-addon-id='1643281200015'><div class='wppb-addon'><div class=\"wppb-text-block-addon\"><div class=\"wppb-text-block-content 0\"><p>La soci\u00e9t\u00e9 a pour objet la r\u00e9alisation d'op\u00e9rations de micro assurance vie, dans les branches 11 \u00e0 14 pr\u00e9vues par l'article 717 du code des assurances : \u00e0 savoir les produits d\u2019assurance d\u00e9c\u00e8s, \u00e9pargne et capitalisation.<\/p>\n<p>La vision de la CIF MALI est de :<\/p>\n<ul>\n<li>B\u00e2tir une relation privil\u00e9gi\u00e9e avec les Syst\u00e8mes Financiers D\u00e9centralis\u00e9s,<\/li>\n<li>Contribuer au d\u00e9veloppement et \u00e0 la rentabilit\u00e9 des Syst\u00e8mes Financiers D\u00e9centralis\u00e9s,<\/li>\n<li>\u00catre per\u00e7ue par les Syst\u00e8mes Financiers D\u00e9centralis\u00e9s comme un partenaire d\u2019affaires compl\u00e9mentaire, int\u00e8gre et professionnel, pleinement engag\u00e9 \u00e0 satisfaire leurs clients,<\/li>\n<li>R\u00e9pondre aux besoins d'assurance par des produits simples, adapt\u00e9s, comp\u00e9titifs et rentables,<\/li>\n<li>Garantir sa p\u00e9rennit\u00e9 par une gestion saine des risques,<\/li>\n<li>Am\u00e9liorer sa rentabilit\u00e9 et par cons\u00e9quent ses fonds propres,<\/li>\n<li>Offrir un service de qualit\u00e9 \u00e0 moindre co\u00fbt par des processus simples et par l\u2019utilisation d\u2019une technologie appropri\u00e9e<\/li>\n<\/ul>\n<p>La mission de la CIF MALI est :<\/p>\n<p>La Compagnie CIF Assurance Vie MALI entend confirmer son slogan \u00ab Plus proche, plus humain \u00bb et se positionne parmi le top 5 des compagnies d\u2019Assurances Vie dans le paysage assurantiel du MALI.<\/p>\n<p>L\u2019analyse ci-dessus a permis de d\u00e9crire l\u2019environnement actuel de CIF ASSURANCES VIE MALI et de d\u00e9gager les enjeux et d\u00e9fis majeurs suivants :<\/p>\n<ul>\n<li>Accro\u00eetre les fonds propres par l\u2019augmentation de capital social \u00e0 1 025 000 000 FCFA;<\/li>\n<li>Cr\u00e9er une forte attractivit\u00e9 pour les produits de la compagnie ;<\/li>\n<li>D\u00e9velopper et diversifier l\u2019offre de produits de la compagnie ;<\/li>\n<li>D\u00e9velopper un r\u00e9seau de distribution performant ;<\/li>\n<li>D\u00e9velopper une plateforme technologique performante ;<\/li>\n<li>Mettre en place une organisation structurelle en lien avec les nouveaux d\u00e9fis.<\/li>\n<\/ul>\n<p>Pour les trois prochaines ann\u00e9es, CIF Assurances Vie MALI entend b\u00e2tir sa croissance autour de trois orientations strat\u00e9giques qui sont :<\/p>\n<ul>\n<li>D\u00e9veloppement des affaires ;<\/li>\n<li>Gestion des risques ;<\/li>\n<li>Renforcement du cadre institutionnel.<\/li>\n<\/ul><\/div><\/div><\/div><\/div>                                            <\/div>\n                                        <\/div>\n                                    <\/div>\n\t\t\t\t\t\t\t\t\t                        <\/div>\n\n                    <\/div>\n                <\/div>\n\t\t\t\t                <div  class=\"wppb-row-parent  wppb-row-1643281161457 \"  >\n\t\t\t\t\t\n\t\t\t\t\t\t\t\t\t\t\n\t\t\t\t\t\t\t\t\t\t\n\t\t\t\t\t<div class=\"wppb-container \">\n\t\t\t\t\t\t\t\t\t\t\t\t\t\n                        <div class=\"wppb-row\">\n\t\t\t\t\t\t\t                                    <div  class=\"wppb-column-parent wppb-column-parent-view wppb-col-1643281161456  \"  >\n                                        <div class=\"wppb-column\">\n\t\t\t\t\t\n\t\t\t\t\t\t\t\t\t\t\t\n                                            <div class=\"wppb-builder-addons\">\n\t\t\t\t\t\t\t\t\t\t\t\t<div class='wppb-builder-addon wppb-addon-1643281249927'  data-addon-id='1643281249927'><div class='wppb-addon'><div class=\"wppb-addon wppb-button-addon\"><div class=\"wppb-button-addon-content\"><a  href=\"http:\/\/cif-vie-mali.com\/index.php\/contact\" target=_self class=\"wppb-btn-addons  wppb-btn-custom wppb-btn-rounded wppb-btn-large wppb-btn-no\">CONTACTER NOUS<\/a><\/div><\/div><\/div><\/div>                                            <\/div>\n                                        <\/div>\n                                    <\/div>\n\t\t\t\t\t\t\t\t\t                                    <div  class=\"wppb-column-parent wppb-column-parent-view wppb-col-1643281161460  \"  >\n                                        <div class=\"wppb-column\">\n\t\t\t\t\t\n\t\t\t\t\t\t\t\t\t\t\t\n                                            <div class=\"wppb-builder-addons\">\n\t\t\t\t\t\t\t\t\t\t\t\t                                            <\/div>\n                                        <\/div>\n                                    <\/div>\n\t\t\t\t\t\t\t\t\t                                    <div  class=\"wppb-column-parent wppb-column-parent-view wppb-col-1643281161459  \"  >\n                                        <div class=\"wppb-column\">\n\t\t\t\t\t\n\t\t\t\t\t\t\t\t\t\t\t\n                                            <div class=\"wppb-builder-addons\">\n\t\t\t\t\t\t\t\t\t\t\t\t                                            <\/div>\n                                        <\/div>\n                                    <\/div>\n\t\t\t\t\t\t\t\t\t                                    <div  class=\"wppb-column-parent wppb-column-parent-view wppb-col-1643281161458  \"  >\n                                        <div class=\"wppb-column\">\n\t\t\t\t\t\n\t\t\t\t\t\t\t\t\t\t\t\n                                            <div class=\"wppb-builder-addons\">\n\t\t\t\t\t\t\t\t\t\t\t\t                                            <\/div>\n                                        <\/div>\n                                    <\/div>\n\t\t\t\t\t\t\t\t\t                        <\/div>\n\n                    <\/div>\n                <\/div>\n\t\t\t\t<\/div>","protected":false},"excerpt":{"rendered":"<p>La soci\u00e9t\u00e9 a pour objet la r\u00e9alisation d&rsquo;op\u00e9rations de micro assurance vie, dans les branches 11 \u00e0 14 pr\u00e9vues par l&rsquo;article 717 du code des assurances : \u00e0 savoir les produits d\u2019assurance d\u00e9c\u00e8s, \u00e9pargne et capitalisation. La vision de la CIF MALI est de : B\u00e2tir une relation privil\u00e9gi\u00e9e avec les Syst\u00e8mes Financiers D\u00e9centralis\u00e9s, Contribuer [&hellip;]<\/p>\n","protected":false},"author":1,"featured_media":0,"parent":0,"menu_order":0,"comment_status":"closed","ping_status":"closed","template":"","meta":{"footnotes":""},"class_list":["post-81","page","type-page","status-publish","hentry","wpbf-post"],"jetpack-related-posts":[],"jetpack_sharing_enabled":true,"_links":{"self":[{"href":"https:\/\/cif-vie-mali.com\/index.php\/wp-json\/wp\/v2\/pages\/81","targetHints":{"allow":["GET"]}}],"collection":[{"href":"https:\/\/cif-vie-mali.com\/index.php\/wp-json\/wp\/v2\/pages"}],"about":[{"href":"https:\/\/cif-vie-mali.com\/index.php\/wp-json\/wp\/v2\/types\/page"}],"author":[{"embeddable":true,"href":"https:\/\/cif-vie-mali.com\/index.php\/wp-json\/wp\/v2\/users\/1"}],"replies":[{"embeddable":true,"href":"https:\/\/cif-vie-mali.com\/index.php\/wp-json\/wp\/v2\/comments?post=81"}],"version-history":[{"count":11,"href":"https:\/\/cif-vie-mali.com\/index.php\/wp-json\/wp\/v2\/pages\/81\/revisions"}],"predecessor-version":[{"id":316,"href":"https:\/\/cif-vie-mali.com\/index.php\/wp-json\/wp\/v2\/pages\/81\/revisions\/316"}],"wp:attachment":[{"href":"https:\/\/cif-vie-mali.com\/index.php\/wp-json\/wp\/v2\/media?parent=81"}],"curies":[{"name":"wp","href":"https:\/\/api.w.org\/{rel}","templated":true}]}}